{"id":36,"date":"2025-05-07T02:57:40","date_gmt":"2025-05-07T00:57:40","guid":{"rendered":"https:\/\/www.wig-ev.de\/?page_id=36"},"modified":"2026-04-21T20:07:56","modified_gmt":"2026-04-21T18:07:56","slug":"termine","status":"publish","type":"page","link":"https:\/\/www.wig-ev.de\/?page_id=36","title":{"rendered":"Termine"},"content":{"rendered":"\t\t<div data-elementor-type=\"wp-page\" data-elementor-id=\"36\" class=\"elementor elementor-36\" data-elementor-post-type=\"page\">\n\t\t\t\t<div class=\"elementor-element elementor-element-ef6f8f4 e-flex e-con-boxed e-con e-parent\" data-id=\"ef6f8f4\" data-element_type=\"container\" data-e-type=\"container\">\n\t\t\t\t\t<div class=\"e-con-inner\">\n\t\t<div class=\"elementor-element elementor-element-6eb225c e-con-full e-flex e-con e-child\" data-id=\"6eb225c\" data-element_type=\"container\" data-e-type=\"container\">\n\t\t\t\t<div class=\"elementor-element elementor-element-af7c142 elementor-widget elementor-widget-heading\" data-id=\"af7c142\" data-element_type=\"widget\" data-e-type=\"widget\" data-widget_type=\"heading.default\">\n\t\t\t\t<div class=\"elementor-widget-container\">\n\t\t\t\t\t<h3 class=\"elementor-heading-title elementor-size-default\">N\u00c4CHSTE TERMINE<\/h3>\t\t\t\t<\/div>\n\t\t\t\t<\/div>\n\t\t\t\t<\/div>\n\t\t\t\t\t<\/div>\n\t\t\t\t<\/div>\n\t\t<div class=\"elementor-element elementor-element-79756e9 e-grid e-con-boxed e-con e-parent\" data-id=\"79756e9\" data-element_type=\"container\" data-e-type=\"container\">\n\t\t\t\t\t<div class=\"e-con-inner\">\n\t\t\t\t\t\t\t<h4 \n\t\tdata-interaction-id=\"8144d86\" \n\t\tclass=\"e-8144d86-09f48e8 e-heading-base\" \n\t\t \n\t\tdata-e-type=\"widget\" data-id=\"8144d86\"\n\t>\n\t\n\t\t\tWeitere Details findet ihr in unseren \"News\"\n\t\t<\/h4>\n\t\t\t\t\t\n<hr class=\"e-divider-base\" data-interaction-id=\"9b01f43\"  data-e-type=\"widget\" data-id=\"9b01f43\" \/>\n\t\t\t\t\t<\/div>\n\t\t\t\t<\/div>\n\t\t<div class=\"elementor-element elementor-element-2c8761a e-grid e-con-boxed e-con e-parent\" data-id=\"2c8761a\" data-element_type=\"container\" data-e-type=\"container\">\n\t\t\t\t\t<div class=\"e-con-inner\">\n\t\t\t\t<div class=\"elementor-element elementor-element-316ecd4 elementor-widget elementor-widget-image\" data-id=\"316ecd4\" data-element_type=\"widget\" data-e-type=\"widget\" data-widget_type=\"image.default\">\n\t\t\t\t<div class=\"elementor-widget-container\">\n\t\t\t\t\t\t\t\t\t\t\t\t\t\t\t<img fetchpriority=\"high\" decoding=\"async\" width=\"169\" height=\"300\" src=\"https:\/\/www.wig-ev.de\/wp-content\/uploads\/2026\/04\/Lego-Ausstellung-2026-169x300.png\" class=\"attachment-medium size-medium wp-image-474\" alt=\"\" srcset=\"https:\/\/www.wig-ev.de\/wp-content\/uploads\/2026\/04\/Lego-Ausstellung-2026-169x300.png 169w, https:\/\/www.wig-ev.de\/wp-content\/uploads\/2026\/04\/Lego-Ausstellung-2026-576x1024.png 576w, https:\/\/www.wig-ev.de\/wp-content\/uploads\/2026\/04\/Lego-Ausstellung-2026-768x1365.png 768w, https:\/\/www.wig-ev.de\/wp-content\/uploads\/2026\/04\/Lego-Ausstellung-2026-864x1536.png 864w, https:\/\/www.wig-ev.de\/wp-content\/uploads\/2026\/04\/Lego-Ausstellung-2026.png 1080w\" sizes=\"(max-width: 169px) 100vw, 169px\" \/>\t\t\t\t\t\t\t\t\t\t\t\t\t\t\t<\/div>\n\t\t\t\t<\/div>\n\t\t\t\t\t\t\t\n\t\t\t<img class=\"e-image-base \" \n\t\t\t\t\tdata-interaction-id=\"2ef9a7f\" \n\t\t \n\t\t data-e-type=\"widget\" data-id=\"2ef9a7f\"\n\t\t\t\t\t\t\t\t\tid=\"494\"\n\t\t\t\t\t\t\t\t\t\t\t\tsrc=\"https:\/\/www.wig-ev.de\/wp-content\/uploads\/2026\/04\/Lego-Ausstellung-2-2026-169x300.webp\"\n\t\t\t\t\t\t\t\t\t\t\t\twidth=\"169\"\n\t\t\t\t\t\t\t\t\t\t\t\theight=\"300\"\n\t\t\t\t\t\t\t\t\t\t\t\tsrcset=\"https:\/\/www.wig-ev.de\/wp-content\/uploads\/2026\/04\/Lego-Ausstellung-2-2026-169x300.webp 169w, https:\/\/www.wig-ev.de\/wp-content\/uploads\/2026\/04\/Lego-Ausstellung-2-2026-576x1024.webp 576w, https:\/\/www.wig-ev.de\/wp-content\/uploads\/2026\/04\/Lego-Ausstellung-2-2026-768x1365.webp 768w, https:\/\/www.wig-ev.de\/wp-content\/uploads\/2026\/04\/Lego-Ausstellung-2-2026-864x1536.webp 864w, https:\/\/www.wig-ev.de\/wp-content\/uploads\/2026\/04\/Lego-Ausstellung-2-2026.webp 1080w\"\n\t\t\t\t\t\t\t\t\t\t\t\talt=\"\"\n\t\t\t\t\t\t\/>\n\t\t\t\t\t\t<\/div>\n\t\t\t\t<\/div>\n\t\t<div class=\"elementor-element elementor-element-4671c67 e-grid e-con-boxed e-con e-parent\" data-id=\"4671c67\" data-element_type=\"container\" data-e-type=\"container\">\n\t\t\t\t\t<div class=\"e-con-inner\">\n\t\t\t\t<div class=\"elementor-element elementor-element-f2376bb elementor-widget elementor-widget-image\" data-id=\"f2376bb\" data-element_type=\"widget\" data-e-type=\"widget\" data-widget_type=\"image.default\">\n\t\t\t\t<div class=\"elementor-widget-container\">\n\t\t\t\t\t\t\t\t\t\t\t\t\t\t\t<img decoding=\"async\" width=\"169\" height=\"300\" src=\"https:\/\/www.wig-ev.de\/wp-content\/uploads\/2026\/04\/Unsere-Stadt-unsere-Leidenschaft_20260420_205648_0000-169x300.webp\" class=\"attachment-medium size-medium wp-image-462\" alt=\"\" srcset=\"https:\/\/www.wig-ev.de\/wp-content\/uploads\/2026\/04\/Unsere-Stadt-unsere-Leidenschaft_20260420_205648_0000-169x300.webp 169w, https:\/\/www.wig-ev.de\/wp-content\/uploads\/2026\/04\/Unsere-Stadt-unsere-Leidenschaft_20260420_205648_0000-576x1024.webp 576w, https:\/\/www.wig-ev.de\/wp-content\/uploads\/2026\/04\/Unsere-Stadt-unsere-Leidenschaft_20260420_205648_0000-768x1365.webp 768w, https:\/\/www.wig-ev.de\/wp-content\/uploads\/2026\/04\/Unsere-Stadt-unsere-Leidenschaft_20260420_205648_0000-864x1536.webp 864w, https:\/\/www.wig-ev.de\/wp-content\/uploads\/2026\/04\/Unsere-Stadt-unsere-Leidenschaft_20260420_205648_0000.webp 1080w\" sizes=\"(max-width: 169px) 100vw, 169px\" \/>\t\t\t\t\t\t\t\t\t\t\t\t\t\t\t<\/div>\n\t\t\t\t<\/div>\n\t\t\t\t<div class=\"elementor-element elementor-element-927fb4b elementor-widget elementor-widget-image\" data-id=\"927fb4b\" data-element_type=\"widget\" data-e-type=\"widget\" data-widget_type=\"image.default\">\n\t\t\t\t<div class=\"elementor-widget-container\">\n\t\t\t\t\t\t\t\t\t\t\t\t\t\t\t<img decoding=\"async\" width=\"169\" height=\"300\" src=\"https:\/\/www.wig-ev.de\/wp-content\/uploads\/2026\/04\/Unsere-Stadt-unsere-Leidenschaft_20260420_212044_0000-169x300.png\" class=\"attachment-medium size-medium wp-image-487\" alt=\"\" srcset=\"https:\/\/www.wig-ev.de\/wp-content\/uploads\/2026\/04\/Unsere-Stadt-unsere-Leidenschaft_20260420_212044_0000-169x300.png 169w, https:\/\/www.wig-ev.de\/wp-content\/uploads\/2026\/04\/Unsere-Stadt-unsere-Leidenschaft_20260420_212044_0000-576x1024.png 576w, https:\/\/www.wig-ev.de\/wp-content\/uploads\/2026\/04\/Unsere-Stadt-unsere-Leidenschaft_20260420_212044_0000-768x1365.png 768w, https:\/\/www.wig-ev.de\/wp-content\/uploads\/2026\/04\/Unsere-Stadt-unsere-Leidenschaft_20260420_212044_0000-864x1536.png 864w, https:\/\/www.wig-ev.de\/wp-content\/uploads\/2026\/04\/Unsere-Stadt-unsere-Leidenschaft_20260420_212044_0000.webp 1080w\" sizes=\"(max-width: 169px) 100vw, 169px\" \/>\t\t\t\t\t\t\t\t\t\t\t\t\t\t\t<\/div>\n\t\t\t\t<\/div>\n\t\t\t\t\t<\/div>\n\t\t\t\t<\/div>\n\t\t<div class=\"elementor-element elementor-element-02083fc e-grid e-con-boxed e-con e-parent\" data-id=\"02083fc\" data-element_type=\"container\" data-e-type=\"container\">\n\t\t\t\t\t<div class=\"e-con-inner\">\n\t\t\t\t<div class=\"elementor-element elementor-element-4bbc113 elementor-widget elementor-widget-image\" data-id=\"4bbc113\" data-element_type=\"widget\" data-e-type=\"widget\" data-widget_type=\"image.default\">\n\t\t\t\t<div class=\"elementor-widget-container\">\n\t\t\t\t\t\t\t\t\t\t\t\t\t\t\t<img loading=\"lazy\" decoding=\"async\" width=\"169\" height=\"300\" src=\"https:\/\/www.wig-ev.de\/wp-content\/uploads\/2026\/04\/WIG-Wanderung-2026-169x300.webp\" class=\"attachment-medium size-medium wp-image-452\" alt=\"\" srcset=\"https:\/\/www.wig-ev.de\/wp-content\/uploads\/2026\/04\/WIG-Wanderung-2026-169x300.webp 169w, https:\/\/www.wig-ev.de\/wp-content\/uploads\/2026\/04\/WIG-Wanderung-2026-576x1024.webp 576w, https:\/\/www.wig-ev.de\/wp-content\/uploads\/2026\/04\/WIG-Wanderung-2026-768x1365.webp 768w, https:\/\/www.wig-ev.de\/wp-content\/uploads\/2026\/04\/WIG-Wanderung-2026-864x1536.webp 864w, https:\/\/www.wig-ev.de\/wp-content\/uploads\/2026\/04\/WIG-Wanderung-2026.webp 1080w\" sizes=\"(max-width: 169px) 100vw, 169px\" \/>\t\t\t\t\t\t\t\t\t\t\t\t\t\t\t<\/div>\n\t\t\t\t<\/div>\n\t\t\t\t\t<\/div>\n\t\t\t\t<\/div>\n\t\t<div class=\"elementor-element elementor-element-f9f2edf e-grid e-con-boxed e-con e-parent\" data-id=\"f9f2edf\" data-element_type=\"container\" data-e-type=\"container\">\n\t\t\t\t\t<div class=\"e-con-inner\">\n\t\t\t\t<div class=\"elementor-element elementor-element-0714a91 elementor-widget elementor-widget-image\" data-id=\"0714a91\" data-element_type=\"widget\" data-e-type=\"widget\" data-widget_type=\"image.default\">\n\t\t\t\t<div class=\"elementor-widget-container\">\n\t\t\t\t\t\t\t\t\t\t\t\t\t\t\t<img loading=\"lazy\" decoding=\"async\" width=\"169\" height=\"300\" src=\"https:\/\/www.wig-ev.de\/wp-content\/uploads\/2026\/04\/story_wig_2026_06_28_kinderfest5147574124674377900-169x300.webp\" class=\"attachment-medium size-medium wp-image-396\" alt=\"\" srcset=\"https:\/\/www.wig-ev.de\/wp-content\/uploads\/2026\/04\/story_wig_2026_06_28_kinderfest5147574124674377900-169x300.webp 169w, https:\/\/www.wig-ev.de\/wp-content\/uploads\/2026\/04\/story_wig_2026_06_28_kinderfest5147574124674377900-576x1024.webp 576w, https:\/\/www.wig-ev.de\/wp-content\/uploads\/2026\/04\/story_wig_2026_06_28_kinderfest5147574124674377900-768x1365.webp 768w, https:\/\/www.wig-ev.de\/wp-content\/uploads\/2026\/04\/story_wig_2026_06_28_kinderfest5147574124674377900-864x1536.webp 864w, https:\/\/www.wig-ev.de\/wp-content\/uploads\/2026\/04\/story_wig_2026_06_28_kinderfest5147574124674377900.webp 1080w\" sizes=\"(max-width: 169px) 100vw, 169px\" \/>\t\t\t\t\t\t\t\t\t\t\t\t\t\t\t<\/div>\n\t\t\t\t<\/div>\n\t\t\t\t\t<\/div>\n\t\t\t\t<\/div>\n\t\t<div class=\"elementor-element elementor-element-1790628 e-grid e-con-boxed e-con e-parent\" data-id=\"1790628\" data-element_type=\"container\" data-e-type=\"container\">\n\t\t\t\t\t<div class=\"e-con-inner\">\n\t\t\t\t\t\n<hr class=\"e-divider-base\" data-interaction-id=\"87c9643\"  data-e-type=\"widget\" data-id=\"87c9643\" \/>\n\t\t\t\t\t\n<hr class=\"e-divider-base\" data-interaction-id=\"adf4c46\"  data-e-type=\"widget\" data-id=\"adf4c46\" \/>\n\t\t\t\t\t<\/div>\n\t\t\t\t<\/div>\n\t\t\t\t<div class=\"elementor-element elementor-element-a36cff5 e-con e-atomic-element e-flexbox-base\" data-id=\"a36cff5\" data-element_type=\"e-flexbox\" data-e-type=\"e-flexbox\" data-interaction-id=\"a36cff5\" data-e-type=\"e-flexbox\" data-id=\"a36cff5\">\n\t\t\t\t\t\n<hr class=\"e-divider-base\" data-interaction-id=\"1485e3c\"  data-e-type=\"widget\" data-id=\"1485e3c\" \/>\n\t\t\t\t\t\t\t<h4 \n\t\tdata-interaction-id=\"9eeec96\" \n\t\tclass=\"e-heading-base\" \n\t\t \n\t\tdata-e-type=\"widget\" data-id=\"9eeec96\"\n\t>\n\t\n\t\t\tvergangene Events - Archiv 2026\n\t\t<\/h4>\n\t\t\t\t<\/div>\n\t\t<div class=\"elementor-element elementor-element-a4cff16 e-flex e-con-boxed e-con e-parent\" data-id=\"a4cff16\" data-element_type=\"container\" data-e-type=\"container\">\n\t\t\t\t\t<div class=\"e-con-inner\">\n\t\t<div class=\"elementor-element elementor-element-d4744fa e-con-full e-flex e-con e-child\" data-id=\"d4744fa\" data-element_type=\"container\" data-e-type=\"container\">\n\t\t\t\t<div class=\"elementor-element elementor-element-61b1122 elementor-widget elementor-widget-image\" data-id=\"61b1122\" data-element_type=\"widget\" data-e-type=\"widget\" data-widget_type=\"image.default\">\n\t\t\t\t<div class=\"elementor-widget-container\">\n\t\t\t\t\t\t\t\t\t\t\t\t\t\t\t<img loading=\"lazy\" decoding=\"async\" width=\"193\" height=\"300\" src=\"https:\/\/www.wig-ev.de\/wp-content\/uploads\/2026\/03\/wig-osterrallye-front6815475782404504540-193x300.jpg\" class=\"attachment-medium size-medium wp-image-375\" alt=\"\" srcset=\"https:\/\/www.wig-ev.de\/wp-content\/uploads\/2026\/03\/wig-osterrallye-front6815475782404504540-193x300.jpg 193w, https:\/\/www.wig-ev.de\/wp-content\/uploads\/2026\/03\/wig-osterrallye-front6815475782404504540-658x1024.jpg 658w, https:\/\/www.wig-ev.de\/wp-content\/uploads\/2026\/03\/wig-osterrallye-front6815475782404504540-768x1195.jpg 768w, https:\/\/www.wig-ev.de\/wp-content\/uploads\/2026\/03\/wig-osterrallye-front6815475782404504540-987x1536.jpg 987w, https:\/\/www.wig-ev.de\/wp-content\/uploads\/2026\/03\/wig-osterrallye-front6815475782404504540.jpg 1080w\" sizes=\"(max-width: 193px) 100vw, 193px\" \/>\t\t\t\t\t\t\t\t\t\t\t\t\t\t\t<\/div>\n\t\t\t\t<\/div>\n\t\t\t\t<\/div>\n\t\t<div class=\"elementor-element elementor-element-9f68b7d e-con-full e-flex e-con e-child\" data-id=\"9f68b7d\" data-element_type=\"container\" data-e-type=\"container\">\n\t\t\t\t<div class=\"elementor-element elementor-element-18a8f7b elementor-widget elementor-widget-image\" data-id=\"18a8f7b\" data-element_type=\"widget\" data-e-type=\"widget\" data-widget_type=\"image.default\">\n\t\t\t\t<div class=\"elementor-widget-container\">\n\t\t\t\t\t\t\t\t\t\t\t\t\t\t\t<img loading=\"lazy\" decoding=\"async\" width=\"212\" height=\"300\" src=\"https:\/\/www.wig-ev.de\/wp-content\/uploads\/2026\/03\/wig-osterrallye-rueck4005784812175589697-212x300.jpg\" class=\"attachment-medium size-medium wp-image-376\" alt=\"\" srcset=\"https:\/\/www.wig-ev.de\/wp-content\/uploads\/2026\/03\/wig-osterrallye-rueck4005784812175589697-212x300.jpg 212w, https:\/\/www.wig-ev.de\/wp-content\/uploads\/2026\/03\/wig-osterrallye-rueck4005784812175589697-725x1024.jpg 725w, https:\/\/www.wig-ev.de\/wp-content\/uploads\/2026\/03\/wig-osterrallye-rueck4005784812175589697-768x1084.jpg 768w, https:\/\/www.wig-ev.de\/wp-content\/uploads\/2026\/03\/wig-osterrallye-rueck4005784812175589697.webp 1080w\" sizes=\"(max-width: 212px) 100vw, 212px\" \/>\t\t\t\t\t\t\t\t\t\t\t\t\t\t\t<\/div>\n\t\t\t\t<\/div>\n\t\t\t\t<\/div>\n\t\t\t\t\t<\/div>\n\t\t\t\t<\/div>\n\t\t\t\t<\/div>\n\t\t","protected":false},"excerpt":{"rendered":"<p>N\u00c4CHSTE TERMINE Weitere Details findet ihr in unseren &#8222;News&#8220; vergangene Events &#8211; Archiv 2026<\/p>\n","protected":false},"author":1,"featured_media":0,"parent":0,"menu_order":0,"comment_status":"closed","ping_status":"closed","template":"","meta":{"footnotes":""},"class_list":["post-36","page","type-page","status-publish","hentry"],"yoast_head":"<!-- This site is optimized with the Yoast SEO plugin v26.1.1 - https:\/\/yoast.com\/wordpress\/plugins\/seo\/ -->\n<title>Termine - W\u00d6RRST\u00c4DTER INTERESSENGEMEINSCHAFT EV<\/title>\n<meta name=\"robots\" content=\"index, follow, max-snippet:-1, max-image-preview:large, max-video-preview:-1\" \/>\n<link rel=\"canonical\" href=\"https:\/\/www.wig-ev.de\/?page_id=36\" \/>\n<meta property=\"og:locale\" content=\"de_DE\" \/>\n<meta property=\"og:type\" content=\"article\" \/>\n<meta property=\"og:title\" content=\"Termine - W\u00d6RRST\u00c4DTER INTERESSENGEMEINSCHAFT EV\" \/>\n<meta property=\"og:description\" content=\"N\u00c4CHSTE TERMINE Weitere Details findet ihr in unseren &#8222;News&#8220; vergangene Events &#8211; Archiv 2026\" \/>\n<meta property=\"og:url\" content=\"https:\/\/www.wig-ev.de\/?page_id=36\" \/>\n<meta property=\"og:site_name\" content=\"W\u00d6RRST\u00c4DTER INTERESSENGEMEINSCHAFT EV\" \/>\n<meta property=\"article:publisher\" content=\"https:\/\/www.facebook.com\/profile.php?id=61557119310772\" \/>\n<meta property=\"article:modified_time\" content=\"2026-04-21T18:07:56+00:00\" \/>\n<meta property=\"og:image\" content=\"https:\/\/www.wig-ev.de\/wp-content\/uploads\/2026\/04\/Lego-Ausstellung-2026-576x1024.png\" \/>\n\t<meta property=\"og:image:width\" content=\"576\" \/>\n\t<meta property=\"og:image:height\" content=\"1024\" \/>\n\t<meta property=\"og:image:type\" content=\"image\/png\" \/>\n<meta name=\"twitter:card\" content=\"summary_large_image\" \/>\n<meta name=\"twitter:label1\" content=\"Gesch\u00e4tzte Lesezeit\" \/>\n\t<meta name=\"twitter:data1\" content=\"2\u00a0Minuten\" \/>\n<script type=\"application\/ld+json\" class=\"yoast-schema-graph\">{\"@context\":\"https:\/\/schema.org\",\"@graph\":[{\"@type\":\"WebPage\",\"@id\":\"https:\/\/www.wig-ev.de\/?page_id=36\",\"url\":\"https:\/\/www.wig-ev.de\/?page_id=36\",\"name\":\"Termine - W\u00d6RRST\u00c4DTER INTERESSENGEMEINSCHAFT EV\",\"isPartOf\":{\"@id\":\"https:\/\/www.wig-ev.de\/#website\"},\"primaryImageOfPage\":{\"@id\":\"https:\/\/www.wig-ev.de\/?page_id=36#primaryimage\"},\"image\":{\"@id\":\"https:\/\/www.wig-ev.de\/?page_id=36#primaryimage\"},\"thumbnailUrl\":\"https:\/\/www.wig-ev.de\/wp-content\/uploads\/2026\/04\/Lego-Ausstellung-2026-169x300.png\",\"datePublished\":\"2025-05-07T00:57:40+00:00\",\"dateModified\":\"2026-04-21T18:07:56+00:00\",\"breadcrumb\":{\"@id\":\"https:\/\/www.wig-ev.de\/?page_id=36#breadcrumb\"},\"inLanguage\":\"de\",\"potentialAction\":[{\"@type\":\"ReadAction\",\"target\":[\"https:\/\/www.wig-ev.de\/?page_id=36\"]}]},{\"@type\":\"ImageObject\",\"inLanguage\":\"de\",\"@id\":\"https:\/\/www.wig-ev.de\/?page_id=36#primaryimage\",\"url\":\"https:\/\/www.wig-ev.de\/wp-content\/uploads\/2026\/04\/Lego-Ausstellung-2026.png\",\"contentUrl\":\"https:\/\/www.wig-ev.de\/wp-content\/uploads\/2026\/04\/Lego-Ausstellung-2026.png\",\"width\":1080,\"height\":1920},{\"@type\":\"BreadcrumbList\",\"@id\":\"https:\/\/www.wig-ev.de\/?page_id=36#breadcrumb\",\"itemListElement\":[{\"@type\":\"ListItem\",\"position\":1,\"name\":\"Startseite\",\"item\":\"https:\/\/www.wig-ev.de\/\"},{\"@type\":\"ListItem\",\"position\":2,\"name\":\"Termine\"}]},{\"@type\":\"WebSite\",\"@id\":\"https:\/\/www.wig-ev.de\/#website\",\"url\":\"https:\/\/www.wig-ev.de\/\",\"name\":\"W\u00d6RRST\u00c4DTER INTERESSENGEMEINSCHAFT EV\",\"description\":\"Willkommen bei der W\u00f6rrst\u00e4dter Interessengemeinschaft\",\"publisher\":{\"@id\":\"https:\/\/www.wig-ev.de\/#organization\"},\"potentialAction\":[{\"@type\":\"SearchAction\",\"target\":{\"@type\":\"EntryPoint\",\"urlTemplate\":\"https:\/\/www.wig-ev.de\/?s={search_term_string}\"},\"query-input\":{\"@type\":\"PropertyValueSpecification\",\"valueRequired\":true,\"valueName\":\"search_term_string\"}}],\"inLanguage\":\"de\"},{\"@type\":\"Organization\",\"@id\":\"https:\/\/www.wig-ev.de\/#organization\",\"name\":\"W\u00d6RRST\u00c4DTER INTERESSENGEMEINSCHAFT EV\",\"url\":\"https:\/\/www.wig-ev.de\/\",\"logo\":{\"@type\":\"ImageObject\",\"inLanguage\":\"de\",\"@id\":\"https:\/\/www.wig-ev.de\/#\/schema\/logo\/image\/\",\"url\":\"https:\/\/www.wig-ev.de\/wp-content\/uploads\/2025\/05\/WIGeV-Logo-Briefkopf-Links.webp\",\"contentUrl\":\"https:\/\/www.wig-ev.de\/wp-content\/uploads\/2025\/05\/WIGeV-Logo-Briefkopf-Links.webp\",\"width\":486,\"height\":154,\"caption\":\"W\u00d6RRST\u00c4DTER INTERESSENGEMEINSCHAFT EV\"},\"image\":{\"@id\":\"https:\/\/www.wig-ev.de\/#\/schema\/logo\/image\/\"},\"sameAs\":[\"https:\/\/www.facebook.com\/profile.php?id=61557119310772\"]}]}<\/script>\n<!-- \/ Yoast SEO plugin. -->","yoast_head_json":{"title":"Termine - W\u00d6RRST\u00c4DTER INTERESSENGEMEINSCHAFT EV","robots":{"index":"index","follow":"follow","max-snippet":"max-snippet:-1","max-image-preview":"max-image-preview:large","max-video-preview":"max-video-preview:-1"},"canonical":"https:\/\/www.wig-ev.de\/?page_id=36","og_locale":"de_DE","og_type":"article","og_title":"Termine - W\u00d6RRST\u00c4DTER INTERESSENGEMEINSCHAFT EV","og_description":"N\u00c4CHSTE TERMINE Weitere Details findet ihr in unseren &#8222;News&#8220; vergangene Events &#8211; Archiv 2026","og_url":"https:\/\/www.wig-ev.de\/?page_id=36","og_site_name":"W\u00d6RRST\u00c4DTER INTERESSENGEMEINSCHAFT EV","article_publisher":"https:\/\/www.facebook.com\/profile.php?id=61557119310772","article_modified_time":"2026-04-21T18:07:56+00:00","og_image":[{"width":576,"height":1024,"url":"https:\/\/www.wig-ev.de\/wp-content\/uploads\/2026\/04\/Lego-Ausstellung-2026-576x1024.png","type":"image\/png"}],"twitter_card":"summary_large_image","twitter_misc":{"Gesch\u00e4tzte Lesezeit":"2\u00a0Minuten"},"schema":{"@context":"https:\/\/schema.org","@graph":[{"@type":"WebPage","@id":"https:\/\/www.wig-ev.de\/?page_id=36","url":"https:\/\/www.wig-ev.de\/?page_id=36","name":"Termine - W\u00d6RRST\u00c4DTER INTERESSENGEMEINSCHAFT EV","isPartOf":{"@id":"https:\/\/www.wig-ev.de\/#website"},"primaryImageOfPage":{"@id":"https:\/\/www.wig-ev.de\/?page_id=36#primaryimage"},"image":{"@id":"https:\/\/www.wig-ev.de\/?page_id=36#primaryimage"},"thumbnailUrl":"https:\/\/www.wig-ev.de\/wp-content\/uploads\/2026\/04\/Lego-Ausstellung-2026-169x300.png","datePublished":"2025-05-07T00:57:40+00:00","dateModified":"2026-04-21T18:07:56+00:00","breadcrumb":{"@id":"https:\/\/www.wig-ev.de\/?page_id=36#breadcrumb"},"inLanguage":"de","potentialAction":[{"@type":"ReadAction","target":["https:\/\/www.wig-ev.de\/?page_id=36"]}]},{"@type":"ImageObject","inLanguage":"de","@id":"https:\/\/www.wig-ev.de\/?page_id=36#primaryimage","url":"https:\/\/www.wig-ev.de\/wp-content\/uploads\/2026\/04\/Lego-Ausstellung-2026.png","contentUrl":"https:\/\/www.wig-ev.de\/wp-content\/uploads\/2026\/04\/Lego-Ausstellung-2026.png","width":1080,"height":1920},{"@type":"BreadcrumbList","@id":"https:\/\/www.wig-ev.de\/?page_id=36#breadcrumb","itemListElement":[{"@type":"ListItem","position":1,"name":"Startseite","item":"https:\/\/www.wig-ev.de\/"},{"@type":"ListItem","position":2,"name":"Termine"}]},{"@type":"WebSite","@id":"https:\/\/www.wig-ev.de\/#website","url":"https:\/\/www.wig-ev.de\/","name":"W\u00d6RRST\u00c4DTER INTERESSENGEMEINSCHAFT EV","description":"Willkommen bei der W\u00f6rrst\u00e4dter Interessengemeinschaft","publisher":{"@id":"https:\/\/www.wig-ev.de\/#organization"},"potentialAction":[{"@type":"SearchAction","target":{"@type":"EntryPoint","urlTemplate":"https:\/\/www.wig-ev.de\/?s={search_term_string}"},"query-input":{"@type":"PropertyValueSpecification","valueRequired":true,"valueName":"search_term_string"}}],"inLanguage":"de"},{"@type":"Organization","@id":"https:\/\/www.wig-ev.de\/#organization","name":"W\u00d6RRST\u00c4DTER INTERESSENGEMEINSCHAFT EV","url":"https:\/\/www.wig-ev.de\/","logo":{"@type":"ImageObject","inLanguage":"de","@id":"https:\/\/www.wig-ev.de\/#\/schema\/logo\/image\/","url":"https:\/\/www.wig-ev.de\/wp-content\/uploads\/2025\/05\/WIGeV-Logo-Briefkopf-Links.webp","contentUrl":"https:\/\/www.wig-ev.de\/wp-content\/uploads\/2025\/05\/WIGeV-Logo-Briefkopf-Links.webp","width":486,"height":154,"caption":"W\u00d6RRST\u00c4DTER INTERESSENGEMEINSCHAFT EV"},"image":{"@id":"https:\/\/www.wig-ev.de\/#\/schema\/logo\/image\/"},"sameAs":["https:\/\/www.facebook.com\/profile.php?id=61557119310772"]}]}},"_links":{"self":[{"href":"https:\/\/www.wig-ev.de\/index.php?rest_route=\/wp\/v2\/pages\/36","targetHints":{"allow":["GET"]}}],"collection":[{"href":"https:\/\/www.wig-ev.de\/index.php?rest_route=\/wp\/v2\/pages"}],"about":[{"href":"https:\/\/www.wig-ev.de\/index.php?rest_route=\/wp\/v2\/types\/page"}],"author":[{"embeddable":true,"href":"https:\/\/www.wig-ev.de\/index.php?rest_route=\/wp\/v2\/users\/1"}],"replies":[{"embeddable":true,"href":"https:\/\/www.wig-ev.de\/index.php?rest_route=%2Fwp%2Fv2%2Fcomments&post=36"}],"version-history":[{"count":102,"href":"https:\/\/www.wig-ev.de\/index.php?rest_route=\/wp\/v2\/pages\/36\/revisions"}],"predecessor-version":[{"id":547,"href":"https:\/\/www.wig-ev.de\/index.php?rest_route=\/wp\/v2\/pages\/36\/revisions\/547"}],"wp:attachment":[{"href":"https:\/\/www.wig-ev.de\/index.php?rest_route=%2Fwp%2Fv2%2Fmedia&parent=36"}],"curies":[{"name":"wp","href":"https:\/\/api.w.org\/{rel}","templated":true}]}}