{"id":30,"date":"2025-05-07T02:56:53","date_gmt":"2025-05-07T00:56:53","guid":{"rendered":"https:\/\/www.wig-ev.de\/?page_id=30"},"modified":"2025-05-08T01:23:01","modified_gmt":"2025-05-07T23:23:01","slug":"start","status":"publish","type":"page","link":"https:\/\/www.wig-ev.de\/","title":{"rendered":"Start"},"content":{"rendered":"\t\t<div data-elementor-type=\"wp-page\" data-elementor-id=\"30\" class=\"elementor elementor-30\" data-elementor-post-type=\"page\">\n\t\t\t\t<div class=\"elementor-element elementor-element-e1e48a8 e-flex e-con-boxed e-con e-parent\" data-id=\"e1e48a8\" data-element_type=\"container\" data-e-type=\"container\">\n\t\t\t\t\t<div class=\"e-con-inner\">\n\t\t\t\t<div class=\"elementor-element elementor-element-6b30275 elementor-widget elementor-widget-image\" data-id=\"6b30275\" data-element_type=\"widget\" data-e-type=\"widget\" data-widget_type=\"image.default\">\n\t\t\t\t<div class=\"elementor-widget-container\">\n\t\t\t\t\t\t\t\t\t\t\t\t\t\t\t<img fetchpriority=\"high\" decoding=\"async\" width=\"744\" height=\"1024\" src=\"https:\/\/www.wig-ev.de\/wp-content\/uploads\/2025\/05\/home-744x1024.webp\" class=\"attachment-large size-large wp-image-21\" alt=\"WIG\" srcset=\"https:\/\/www.wig-ev.de\/wp-content\/uploads\/2025\/05\/home-744x1024.webp 744w, https:\/\/www.wig-ev.de\/wp-content\/uploads\/2025\/05\/home-218x300.webp 218w, https:\/\/www.wig-ev.de\/wp-content\/uploads\/2025\/05\/home-768x1057.webp 768w, https:\/\/www.wig-ev.de\/wp-content\/uploads\/2025\/05\/home-1116x1536.webp 1116w, https:\/\/www.wig-ev.de\/wp-content\/uploads\/2025\/05\/home.webp 1200w\" sizes=\"(max-width: 744px) 100vw, 744px\" \/>\t\t\t\t\t\t\t\t\t\t\t\t\t\t\t<\/div>\n\t\t\t\t<\/div>\n\t\t\t\t\t<\/div>\n\t\t\t\t<\/div>\n\t\t\t\t<\/div>\n\t\t","protected":false},"excerpt":{"rendered":"","protected":false},"author":1,"featured_media":0,"parent":0,"menu_order":0,"comment_status":"closed","ping_status":"closed","template":"","meta":{"footnotes":""},"class_list":["post-30","page","type-page","status-publish","hentry"],"yoast_head":"<!-- This site is optimized with the Yoast SEO plugin v26.1.1 - https:\/\/yoast.com\/wordpress\/plugins\/seo\/ -->\n<title>Start - W\u00d6RRST\u00c4DTER INTERESSENGEMEINSCHAFT EV<\/title>\n<meta name=\"robots\" content=\"index, follow, max-snippet:-1, max-image-preview:large, max-video-preview:-1\" \/>\n<link rel=\"canonical\" href=\"https:\/\/www.wig-ev.de\/\" \/>\n<meta property=\"og:locale\" content=\"de_DE\" \/>\n<meta property=\"og:type\" content=\"article\" \/>\n<meta property=\"og:title\" content=\"Start - W\u00d6RRST\u00c4DTER INTERESSENGEMEINSCHAFT EV\" \/>\n<meta property=\"og:url\" content=\"https:\/\/www.wig-ev.de\/\" \/>\n<meta property=\"og:site_name\" content=\"W\u00d6RRST\u00c4DTER INTERESSENGEMEINSCHAFT EV\" \/>\n<meta property=\"article:publisher\" content=\"https:\/\/www.facebook.com\/profile.php?id=61557119310772\" \/>\n<meta property=\"article:modified_time\" content=\"2025-05-07T23:23:01+00:00\" \/>\n<meta property=\"og:image\" content=\"http:\/\/www.wig-ev.de\/wp-content\/uploads\/2025\/05\/home-744x1024.webp\" \/>\n<meta name=\"twitter:card\" content=\"summary_large_image\" \/>\n<script type=\"application\/ld+json\" class=\"yoast-schema-graph\">{\"@context\":\"https:\/\/schema.org\",\"@graph\":[{\"@type\":\"WebPage\",\"@id\":\"https:\/\/www.wig-ev.de\/\",\"url\":\"https:\/\/www.wig-ev.de\/\",\"name\":\"Start - W\u00d6RRST\u00c4DTER INTERESSENGEMEINSCHAFT EV\",\"isPartOf\":{\"@id\":\"https:\/\/www.wig-ev.de\/#website\"},\"primaryImageOfPage\":{\"@id\":\"https:\/\/www.wig-ev.de\/#primaryimage\"},\"image\":{\"@id\":\"https:\/\/www.wig-ev.de\/#primaryimage\"},\"thumbnailUrl\":\"http:\/\/www.wig-ev.de\/wp-content\/uploads\/2025\/05\/home-744x1024.webp\",\"datePublished\":\"2025-05-07T00:56:53+00:00\",\"dateModified\":\"2025-05-07T23:23:01+00:00\",\"breadcrumb\":{\"@id\":\"https:\/\/www.wig-ev.de\/#breadcrumb\"},\"inLanguage\":\"de\",\"potentialAction\":[{\"@type\":\"ReadAction\",\"target\":[\"https:\/\/www.wig-ev.de\/\"]}]},{\"@type\":\"ImageObject\",\"inLanguage\":\"de\",\"@id\":\"https:\/\/www.wig-ev.de\/#primaryimage\",\"url\":\"http:\/\/www.wig-ev.de\/wp-content\/uploads\/2025\/05\/home-744x1024.webp\",\"contentUrl\":\"http:\/\/www.wig-ev.de\/wp-content\/uploads\/2025\/05\/home-744x1024.webp\"},{\"@type\":\"BreadcrumbList\",\"@id\":\"https:\/\/www.wig-ev.de\/#breadcrumb\",\"itemListElement\":[{\"@type\":\"ListItem\",\"position\":1,\"name\":\"Startseite\",\"item\":\"https:\/\/www.wig-ev.de\/\"},{\"@type\":\"ListItem\",\"position\":2,\"name\":\"Start\"}]},{\"@type\":\"WebSite\",\"@id\":\"https:\/\/www.wig-ev.de\/#website\",\"url\":\"https:\/\/www.wig-ev.de\/\",\"name\":\"W\u00d6RRST\u00c4DTER INTERESSENGEMEINSCHAFT EV\",\"description\":\"Willkommen bei der W\u00f6rrst\u00e4dter Interessengemeinschaft\",\"publisher\":{\"@id\":\"https:\/\/www.wig-ev.de\/#organization\"},\"potentialAction\":[{\"@type\":\"SearchAction\",\"target\":{\"@type\":\"EntryPoint\",\"urlTemplate\":\"https:\/\/www.wig-ev.de\/?s={search_term_string}\"},\"query-input\":{\"@type\":\"PropertyValueSpecification\",\"valueRequired\":true,\"valueName\":\"search_term_string\"}}],\"inLanguage\":\"de\"},{\"@type\":\"Organization\",\"@id\":\"https:\/\/www.wig-ev.de\/#organization\",\"name\":\"W\u00d6RRST\u00c4DTER INTERESSENGEMEINSCHAFT EV\",\"url\":\"https:\/\/www.wig-ev.de\/\",\"logo\":{\"@type\":\"ImageObject\",\"inLanguage\":\"de\",\"@id\":\"https:\/\/www.wig-ev.de\/#\/schema\/logo\/image\/\",\"url\":\"https:\/\/www.wig-ev.de\/wp-content\/uploads\/2025\/05\/WIGeV-Logo-Briefkopf-Links.webp\",\"contentUrl\":\"https:\/\/www.wig-ev.de\/wp-content\/uploads\/2025\/05\/WIGeV-Logo-Briefkopf-Links.webp\",\"width\":486,\"height\":154,\"caption\":\"W\u00d6RRST\u00c4DTER INTERESSENGEMEINSCHAFT EV\"},\"image\":{\"@id\":\"https:\/\/www.wig-ev.de\/#\/schema\/logo\/image\/\"},\"sameAs\":[\"https:\/\/www.facebook.com\/profile.php?id=61557119310772\"]}]}<\/script>\n<!-- \/ Yoast SEO plugin. -->","yoast_head_json":{"title":"Start - W\u00d6RRST\u00c4DTER INTERESSENGEMEINSCHAFT EV","robots":{"index":"index","follow":"follow","max-snippet":"max-snippet:-1","max-image-preview":"max-image-preview:large","max-video-preview":"max-video-preview:-1"},"canonical":"https:\/\/www.wig-ev.de\/","og_locale":"de_DE","og_type":"article","og_title":"Start - W\u00d6RRST\u00c4DTER INTERESSENGEMEINSCHAFT EV","og_url":"https:\/\/www.wig-ev.de\/","og_site_name":"W\u00d6RRST\u00c4DTER INTERESSENGEMEINSCHAFT EV","article_publisher":"https:\/\/www.facebook.com\/profile.php?id=61557119310772","article_modified_time":"2025-05-07T23:23:01+00:00","og_image":[{"url":"http:\/\/www.wig-ev.de\/wp-content\/uploads\/2025\/05\/home-744x1024.webp","type":"","width":"","height":""}],"twitter_card":"summary_large_image","schema":{"@context":"https:\/\/schema.org","@graph":[{"@type":"WebPage","@id":"https:\/\/www.wig-ev.de\/","url":"https:\/\/www.wig-ev.de\/","name":"Start - W\u00d6RRST\u00c4DTER INTERESSENGEMEINSCHAFT EV","isPartOf":{"@id":"https:\/\/www.wig-ev.de\/#website"},"primaryImageOfPage":{"@id":"https:\/\/www.wig-ev.de\/#primaryimage"},"image":{"@id":"https:\/\/www.wig-ev.de\/#primaryimage"},"thumbnailUrl":"http:\/\/www.wig-ev.de\/wp-content\/uploads\/2025\/05\/home-744x1024.webp","datePublished":"2025-05-07T00:56:53+00:00","dateModified":"2025-05-07T23:23:01+00:00","breadcrumb":{"@id":"https:\/\/www.wig-ev.de\/#breadcrumb"},"inLanguage":"de","potentialAction":[{"@type":"ReadAction","target":["https:\/\/www.wig-ev.de\/"]}]},{"@type":"ImageObject","inLanguage":"de","@id":"https:\/\/www.wig-ev.de\/#primaryimage","url":"http:\/\/www.wig-ev.de\/wp-content\/uploads\/2025\/05\/home-744x1024.webp","contentUrl":"http:\/\/www.wig-ev.de\/wp-content\/uploads\/2025\/05\/home-744x1024.webp"},{"@type":"BreadcrumbList","@id":"https:\/\/www.wig-ev.de\/#breadcrumb","itemListElement":[{"@type":"ListItem","position":1,"name":"Startseite","item":"https:\/\/www.wig-ev.de\/"},{"@type":"ListItem","position":2,"name":"Start"}]},{"@type":"WebSite","@id":"https:\/\/www.wig-ev.de\/#website","url":"https:\/\/www.wig-ev.de\/","name":"W\u00d6RRST\u00c4DTER INTERESSENGEMEINSCHAFT EV","description":"Willkommen bei der W\u00f6rrst\u00e4dter Interessengemeinschaft","publisher":{"@id":"https:\/\/www.wig-ev.de\/#organization"},"potentialAction":[{"@type":"SearchAction","target":{"@type":"EntryPoint","urlTemplate":"https:\/\/www.wig-ev.de\/?s={search_term_string}"},"query-input":{"@type":"PropertyValueSpecification","valueRequired":true,"valueName":"search_term_string"}}],"inLanguage":"de"},{"@type":"Organization","@id":"https:\/\/www.wig-ev.de\/#organization","name":"W\u00d6RRST\u00c4DTER INTERESSENGEMEINSCHAFT EV","url":"https:\/\/www.wig-ev.de\/","logo":{"@type":"ImageObject","inLanguage":"de","@id":"https:\/\/www.wig-ev.de\/#\/schema\/logo\/image\/","url":"https:\/\/www.wig-ev.de\/wp-content\/uploads\/2025\/05\/WIGeV-Logo-Briefkopf-Links.webp","contentUrl":"https:\/\/www.wig-ev.de\/wp-content\/uploads\/2025\/05\/WIGeV-Logo-Briefkopf-Links.webp","width":486,"height":154,"caption":"W\u00d6RRST\u00c4DTER INTERESSENGEMEINSCHAFT EV"},"image":{"@id":"https:\/\/www.wig-ev.de\/#\/schema\/logo\/image\/"},"sameAs":["https:\/\/www.facebook.com\/profile.php?id=61557119310772"]}]}},"_links":{"self":[{"href":"https:\/\/www.wig-ev.de\/index.php?rest_route=\/wp\/v2\/pages\/30","targetHints":{"allow":["GET"]}}],"collection":[{"href":"https:\/\/www.wig-ev.de\/index.php?rest_route=\/wp\/v2\/pages"}],"about":[{"href":"https:\/\/www.wig-ev.de\/index.php?rest_route=\/wp\/v2\/types\/page"}],"author":[{"embeddable":true,"href":"https:\/\/www.wig-ev.de\/index.php?rest_route=\/wp\/v2\/users\/1"}],"replies":[{"embeddable":true,"href":"https:\/\/www.wig-ev.de\/index.php?rest_route=%2Fwp%2Fv2%2Fcomments&post=30"}],"version-history":[{"count":4,"href":"https:\/\/www.wig-ev.de\/index.php?rest_route=\/wp\/v2\/pages\/30\/revisions"}],"predecessor-version":[{"id":119,"href":"https:\/\/www.wig-ev.de\/index.php?rest_route=\/wp\/v2\/pages\/30\/revisions\/119"}],"wp:attachment":[{"href":"https:\/\/www.wig-ev.de\/index.php?rest_route=%2Fwp%2Fv2%2Fmedia&parent=30"}],"curies":[{"name":"wp","href":"https:\/\/api.w.org\/{rel}","templated":true}]}}